{"id":49,"date":"2018-08-08T10:31:10","date_gmt":"2018-08-08T08:31:10","guid":{"rendered":"http:\/\/serwer1442306.home.pl\/home2\/eddamkpl\/domains\/rodzinna.edda-mk.pl\/public_html\/?page_id=49"},"modified":"2024-12-12T20:46:19","modified_gmt":"2024-12-12T18:46:19","slug":"kontakt-i-dojazd","status":"publish","type":"page","link":"https:\/\/rodzinna.edda-mk.pl\/","title":{"rendered":"Aktualno\u015bci"},"content":{"rendered":"\t\t<div data-elementor-type=\"wp-post\" data-elementor-id=\"49\" class=\"elementor elementor-49\" data-elementor-settings=\"[]\">\n\t\t\t<div class=\"elementor-inner\">\n\t\t\t\t<div class=\"elementor-section-wrap\">\n\t\t\t\t\t\t\t<section class=\"elementor-element elementor-element-f6a237e elementor-section-stretched elementor-section-boxed elementor-section-height-default elementor-section-height-default elementor-section elementor-top-section\" data-id=\"f6a237e\" data-element_type=\"section\" data-settings=\"{&quot;stretch_section&quot;:&quot;section-stretched&quot;}\">\n\t\t\t\t\t\t<div class=\"elementor-container elementor-column-gap-default\">\n\t\t\t\t<div class=\"elementor-row\">\n\t\t\t\t<div class=\"elementor-element elementor-element-6dc8704 elementor-column elementor-col-100 elementor-top-column\" data-id=\"6dc8704\" data-element_type=\"column\">\n\t\t\t<div class=\"elementor-column-wrap  elementor-element-populated\">\n\t\t\t\t\t<div class=\"elementor-widget-wrap\">\n\t\t\t\t<div class=\"elementor-element elementor-element-a3f42b1 elementor-widget elementor-widget-spacer\" data-id=\"a3f42b1\" data-element_type=\"widget\" data-widget_type=\"spacer.default\">\n\t\t\t\t<div class=\"elementor-widget-container\">\n\t\t\t\t\t<div class=\"elementor-spacer\">\n\t\t\t<div class=\"elementor-spacer-inner\"><\/div>\n\t\t<\/div>\n\t\t\t\t<\/div>\n\t\t\t\t<\/div>\n\t\t\t\t<div class=\"elementor-element elementor-element-549136c elementor-widget elementor-widget-text-editor\" data-id=\"549136c\" data-element_type=\"widget\" data-widget_type=\"text-editor.default\">\n\t\t\t\t<div class=\"elementor-widget-container\">\n\t\t\t\t\t<div class=\"elementor-text-editor elementor-clearfix\"><header>\n<p style=\"text-align: center;\"><span style=\"color: #222222;\"><span style=\"font-size: 14px; letter-spacing: 1.96px; text-transform: uppercase;\"><b>\u00a0<\/b><\/span><\/span><\/p>\n\n\n<\/tr>\n<\/tbody>\n<\/table>\n<p style=\"text-align: center;\"><i><u><b><span style=\"color: #222222;\"><span style=\"font-size: 14px; letter-spacing: 1.96px; text-transform: uppercase;\">\u00a0!!! UWAGA !!!<\/span><\/span><\/b><\/u><\/i><\/p>\n<p style=\"text-align: center;\"><i>\u00a0 <\/i><span style=\"color: #222222;\"><span style=\"font-size: 14px; letter-spacing: 1.96px; text-transform: uppercase;\"><i><u><b>Wizyty domowe nale\u017cy zg\u0142asza\u0107 mi\u0119dzy godz. 8.00 A 10.00<\/b><\/u><\/i>\n<\/span><\/span><\/p>\n<p style=\"text-align: center;\"><span style=\"color: #222222;\"><span style=\"font-size: 14px; letter-spacing: 1.96px; text-transform: uppercase;\">\u00a0<\/span><\/span><\/p>\n\n<div>\n\n<hr \/>\n\n<b style=\"font-size: 0.875rem; letter-spacing: 0.14em; text-transform: uppercase; color: #222222;\">REJESTRACJA ONLINE DO LEKARZ PORADNI RODZINNEJ POZ: wznowienie us\u0142ugi<\/b>\n\n<\/div>\n<a href=\"https:\/\/lekarzebezkolejki.pl\/ron-www\/PoradniaRodzinna\">https:\/\/lekarzebezkolejki.pl\/ron-www\/PoradniaRodzinna<\/a>\n<h1 style=\"text-align: left;\"><\/h1>\n<\/header><\/div>\n\t\t\t\t<\/div>\n\t\t\t\t<\/div>\n\t\t\t\t\t\t<\/div>\n\t\t\t<\/div>\n\t\t<\/div>\n\t\t\t\t\t\t<\/div>\n\t\t\t<\/div>\n\t\t<\/section>\n\t\t\t\t<section class=\"elementor-element elementor-element-51ed3ae elementor-section-boxed elementor-section-height-default elementor-section-height-default elementor-section elementor-top-section\" data-id=\"51ed3ae\" data-element_type=\"section\">\n\t\t\t\t\t\t<div class=\"elementor-container elementor-column-gap-default\">\n\t\t\t\t<div class=\"elementor-row\">\n\t\t\t\t<div class=\"elementor-element elementor-element-ad12dca elementor-column elementor-col-100 elementor-top-column\" data-id=\"ad12dca\" data-element_type=\"column\">\n\t\t\t<div class=\"elementor-column-wrap  elementor-element-populated\">\n\t\t\t\t\t<div class=\"elementor-widget-wrap\">\n\t\t\t\t<div class=\"elementor-element elementor-element-c8713ac elementor-invisible elementor-widget elementor-widget-heading\" data-id=\"c8713ac\" data-element_type=\"widget\" data-settings=\"{&quot;_animation&quot;:&quot;bounceIn&quot;}\" data-widget_type=\"heading.default\">\n\t\t\t\t<div class=\"elementor-widget-container\">\n\t\t\t<h2 class=\"elementor-heading-title elementor-size-xl\"><a href=\"https:\/\/www.gov.pl\/web\/szczepimysie\/rejestracja\"><b>!!! UWAGA !!!<\/b><br><br>Je\u015bli chcesz pozna\u0107:<br><br>- harmonogram szczepie\u0144 przeciw COVOD-19<br>- metody rejestracji na szczepienie<br>- wykaz punkt\u00f3w szczepie\u0144 w Twojej okolicy<br><br>kliknij <u>TUTAJ<\/u><\/a><\/h2>\t\t<\/div>\n\t\t\t\t<\/div>\n\t\t\t\t\t\t<\/div>\n\t\t\t<\/div>\n\t\t<\/div>\n\t\t\t\t\t\t<\/div>\n\t\t\t<\/div>\n\t\t<\/section>\n\t\t\t\t<section class=\"elementor-element elementor-element-53186c0 elementor-section-boxed elementor-section-height-default elementor-section-height-default elementor-section elementor-top-section\" data-id=\"53186c0\" data-element_type=\"section\">\n\t\t\t\t\t\t<div class=\"elementor-container elementor-column-gap-default\">\n\t\t\t\t<div class=\"elementor-row\">\n\t\t\t\t<div class=\"elementor-element elementor-element-32a2f44 elementor-column elementor-col-100 elementor-top-column\" data-id=\"32a2f44\" data-element_type=\"column\">\n\t\t\t<div class=\"elementor-column-wrap\">\n\t\t\t\t\t<div class=\"elementor-widget-wrap\">\n\t\t\t\t\t\t<\/div>\n\t\t\t<\/div>\n\t\t<\/div>\n\t\t\t\t\t\t<\/div>\n\t\t\t<\/div>\n\t\t<\/section>\n\t\t\t\t<section class=\"elementor-element elementor-element-1458cab elementor-section-boxed elementor-section-height-default elementor-section-height-default elementor-section elementor-top-section\" data-id=\"1458cab\" data-element_type=\"section\">\n\t\t\t\t\t\t<div class=\"elementor-container elementor-column-gap-default\">\n\t\t\t\t<div class=\"elementor-row\">\n\t\t\t\t<div class=\"elementor-element elementor-element-ebcf24a elementor-column elementor-col-100 elementor-top-column\" data-id=\"ebcf24a\" data-element_type=\"column\">\n\t\t\t<div class=\"elementor-column-wrap  elementor-element-populated\">\n\t\t\t\t\t<div class=\"elementor-widget-wrap\">\n\t\t\t\t<div class=\"elementor-element elementor-element-38443c4 elementor-widget elementor-widget-spacer\" data-id=\"38443c4\" data-element_type=\"widget\" data-widget_type=\"spacer.default\">\n\t\t\t\t<div class=\"elementor-widget-container\">\n\t\t\t\t\t<div class=\"elementor-spacer\">\n\t\t\t<div class=\"elementor-spacer-inner\"><\/div>\n\t\t<\/div>\n\t\t\t\t<\/div>\n\t\t\t\t<\/div>\n\t\t\t\t\t\t<\/div>\n\t\t\t<\/div>\n\t\t<\/div>\n\t\t\t\t\t\t<\/div>\n\t\t\t<\/div>\n\t\t<\/section>\n\t\t\t\t<section class=\"elementor-element elementor-element-122564f elementor-section-boxed elementor-section-height-default elementor-section-height-default elementor-invisible elementor-section elementor-top-section\" data-id=\"122564f\" data-element_type=\"section\" data-settings=\"{&quot;animation&quot;:&quot;fadeInLeft&quot;}\">\n\t\t\t\t\t\t<div class=\"elementor-container elementor-column-gap-default\">\n\t\t\t\t<div class=\"elementor-row\">\n\t\t\t\t<div class=\"elementor-element elementor-element-3df991a elementor-column elementor-col-100 elementor-top-column\" data-id=\"3df991a\" data-element_type=\"column\">\n\t\t\t<div class=\"elementor-column-wrap  elementor-element-populated\">\n\t\t\t\t\t<div class=\"elementor-widget-wrap\">\n\t\t\t\t<div class=\"elementor-element elementor-element-cb57f14 elementor-widget__width-inherit elementor-widget elementor-widget-heading\" data-id=\"cb57f14\" data-element_type=\"widget\" data-widget_type=\"heading.default\">\n\t\t\t\t<div class=\"elementor-widget-container\">\n\t\t\t<h1 class=\"elementor-heading-title elementor-size-large\">!!! UWAGA !!!<br><br>Numery telefon\u00f3w do konsultacji telefonicznych:<br><br>lek. Izabela D\u0105browska - Witek<br>+48 536 551 712<br><br>lek. Barbara Gie\u0142da<br>+48 604 504 776<br><br>lek. Renata Duchnik<br>+48 501 127 573<br><br>DZWONI\u0106 MO\u017bNA JEDYNIE W TERMINACH WYZNACZONYCH PRZEZ REJESTRACJ\u0118 PORADNI !<br><br>&gt;&gt;&gt;&gt;&gt;&gt;&gt;&gt;&gt;&gt;&gt;&gt;&gt;&gt;&lt;&lt;&lt;&lt;&lt;&lt;&lt;&lt;&lt;&lt;&lt;&lt;&lt;&lt;<br><br> W przypadku awarii telefonu stacjonarnego dost\u0119pny jest nr kom. 733 500 450<br><br>&gt;&gt;&gt;&gt;&gt;&gt;&gt;&gt;&gt;&gt;&gt;&gt;&gt;&gt;&gt;&lt;&lt;&lt;&lt;&lt;&lt;&lt;&lt;&lt;&lt;&lt;&lt;&lt;&lt;&lt;<\/h1>\t\t<\/div>\n\t\t\t\t<\/div>\n\t\t\t\t\t\t<\/div>\n\t\t\t<\/div>\n\t\t<\/div>\n\t\t\t\t\t\t<\/div>\n\t\t\t<\/div>\n\t\t<\/section>\n\t\t\t\t<section class=\"elementor-element elementor-element-3fa866c6 elementor-section-content-middle elementor-section-stretched elementor-section-height-min-height elementor-section-boxed elementor-section-height-default elementor-section-items-middle elementor-section elementor-top-section\" data-id=\"3fa866c6\" data-element_type=\"section\" data-settings=\"{&quot;stretch_section&quot;:&quot;section-stretched&quot;}\">\n\t\t\t\t\t\t<div class=\"elementor-container elementor-column-gap-no\">\n\t\t\t\t<div class=\"elementor-row\">\n\t\t\t\t<div class=\"elementor-element elementor-element-3844a55b elementor-column elementor-col-100 elementor-top-column\" data-id=\"3844a55b\" data-element_type=\"column\">\n\t\t\t<div class=\"elementor-column-wrap  elementor-element-populated\">\n\t\t\t\t\t<div class=\"elementor-widget-wrap\">\n\t\t\t\t<div class=\"elementor-element elementor-element-79a9de97 elementor-widget elementor-widget-heading\" data-id=\"79a9de97\" data-element_type=\"widget\" data-widget_type=\"heading.default\">\n\t\t\t\t<div class=\"elementor-widget-container\">\n\t\t\t<h4 class=\"elementor-heading-title elementor-size-medium\">Opieka medyczna dla ca\u0142ej rodziny w ramach NFZ - Poradnia Podstawowej Opieki Zdrowotnej<br><\/h4>\t\t<\/div>\n\t\t\t\t<\/div>\n\t\t\t\t<section class=\"elementor-element elementor-element-3881bc6c elementor-section-content-middle elementor-section-boxed elementor-section-height-default elementor-section-height-default elementor-section elementor-inner-section\" data-id=\"3881bc6c\" data-element_type=\"section\">\n\t\t\t\t\t\t<div class=\"elementor-container elementor-column-gap-no\">\n\t\t\t\t<div class=\"elementor-row\">\n\t\t\t\t<div class=\"elementor-element elementor-element-6761f366 elementor-column elementor-col-33 elementor-inner-column\" data-id=\"6761f366\" data-element_type=\"column\">\n\t\t\t<div class=\"elementor-column-wrap  elementor-element-populated\">\n\t\t\t\t\t<div class=\"elementor-widget-wrap\">\n\t\t\t\t<div class=\"elementor-element elementor-element-66541a87 elementor-widget elementor-widget-image\" data-id=\"66541a87\" data-element_type=\"widget\" data-widget_type=\"image.default\">\n\t\t\t\t<div class=\"elementor-widget-container\">\n\t\t\t\t\t<div class=\"elementor-image\">\n\t\t\t\t\t\t\t\t\t\t<img loading=\"lazy\" decoding=\"async\" width=\"298\" height=\"300\" src=\"https:\/\/rodzinna.edda-mk.pl\/wp-content\/uploads\/2018\/08\/injection3-298x300.png\" class=\"attachment-medium size-medium\" alt=\"\" srcset=\"https:\/\/rodzinna.edda-mk.pl\/wp-content\/uploads\/2018\/08\/injection3-298x300.png 298w, https:\/\/rodzinna.edda-mk.pl\/wp-content\/uploads\/2018\/08\/injection3-150x150.png 150w, https:\/\/rodzinna.edda-mk.pl\/wp-content\/uploads\/2018\/08\/injection3-100x100.png 100w, https:\/\/rodzinna.edda-mk.pl\/wp-content\/uploads\/2018\/08\/injection3.png 453w\" sizes=\"auto, 100vw\" \/>\t\t\t\t\t\t\t\t\t\t\t<\/div>\n\t\t\t\t<\/div>\n\t\t\t\t<\/div>\n\t\t\t\t\t\t<\/div>\n\t\t\t<\/div>\n\t\t<\/div>\n\t\t\t\t<div class=\"elementor-element elementor-element-6f1a51d0 elementor-column elementor-col-33 elementor-inner-column\" data-id=\"6f1a51d0\" data-element_type=\"column\">\n\t\t\t<div class=\"elementor-column-wrap  elementor-element-populated\">\n\t\t\t\t\t<div class=\"elementor-widget-wrap\">\n\t\t\t\t<div class=\"elementor-element elementor-element-34ac96df elementor-widget elementor-widget-heading\" data-id=\"34ac96df\" data-element_type=\"widget\" data-widget_type=\"heading.default\">\n\t\t\t\t<div class=\"elementor-widget-container\">\n\t\t\t<h2 class=\"elementor-heading-title elementor-size-default\">Opieka kobiet w ci\u0105\u017cy<\/h2>\t\t<\/div>\n\t\t\t\t<\/div>\n\t\t\t\t<div class=\"elementor-element elementor-element-4b12c7d7 elementor-widget elementor-widget-text-editor\" data-id=\"4b12c7d7\" data-element_type=\"widget\" data-widget_type=\"text-editor.default\">\n\t\t\t\t<div class=\"elementor-widget-container\">\n\t\t\t\t\t<div class=\"elementor-text-editor elementor-clearfix\"><h2>Obejmujemy opiek\u0105 kobiety w ci\u0105\u017cy i po porodzie<\/h2><\/div>\n\t\t\t\t<\/div>\n\t\t\t\t<\/div>\n\t\t\t\t\t\t<\/div>\n\t\t\t<\/div>\n\t\t<\/div>\n\t\t\t\t<div class=\"elementor-element elementor-element-30f556fc elementor-column elementor-col-33 elementor-inner-column\" data-id=\"30f556fc\" data-element_type=\"column\">\n\t\t\t<div class=\"elementor-column-wrap  elementor-element-populated\">\n\t\t\t\t\t<div class=\"elementor-widget-wrap\">\n\t\t\t\t<div class=\"elementor-element elementor-element-18cb12f elementor-widget elementor-widget-image\" data-id=\"18cb12f\" data-element_type=\"widget\" data-widget_type=\"image.default\">\n\t\t\t\t<div class=\"elementor-widget-container\">\n\t\t\t\t\t<div class=\"elementor-image\">\n\t\t\t\t\t\t\t\t\t\t<img loading=\"lazy\" decoding=\"async\" width=\"525\" height=\"321\" src=\"https:\/\/rodzinna.edda-mk.pl\/wp-content\/uploads\/2018\/08\/family-768x469.jpg\" class=\"attachment-medium_large size-medium_large\" alt=\"\" srcset=\"https:\/\/rodzinna.edda-mk.pl\/wp-content\/uploads\/2018\/08\/family-768x469.jpg 768w, https:\/\/rodzinna.edda-mk.pl\/wp-content\/uploads\/2018\/08\/family-300x183.jpg 300w, https:\/\/rodzinna.edda-mk.pl\/wp-content\/uploads\/2018\/08\/family.jpg 770w\" sizes=\"auto, 100vw\" \/>\t\t\t\t\t\t\t\t\t\t\t<\/div>\n\t\t\t\t<\/div>\n\t\t\t\t<\/div>\n\t\t\t\t\t\t<\/div>\n\t\t\t<\/div>\n\t\t<\/div>\n\t\t\t\t\t\t<\/div>\n\t\t\t<\/div>\n\t\t<\/section>\n\t\t\t\t<section class=\"elementor-element elementor-element-16143e10 elementor-section-content-middle elementor-section-boxed elementor-section-height-default elementor-section-height-default elementor-section elementor-inner-section\" data-id=\"16143e10\" data-element_type=\"section\">\n\t\t\t\t\t\t<div class=\"elementor-container elementor-column-gap-no\">\n\t\t\t\t<div class=\"elementor-row\">\n\t\t\t\t<div class=\"elementor-element elementor-element-2bd3ef10 elementor-column elementor-col-33 elementor-inner-column\" data-id=\"2bd3ef10\" data-element_type=\"column\">\n\t\t\t<div class=\"elementor-column-wrap  elementor-element-populated\">\n\t\t\t\t\t<div class=\"elementor-widget-wrap\">\n\t\t\t\t<div class=\"elementor-element elementor-element-5587c6e1 elementor-widget elementor-widget-heading\" data-id=\"5587c6e1\" data-element_type=\"widget\" data-widget_type=\"heading.default\">\n\t\t\t\t<div class=\"elementor-widget-container\">\n\t\t\t<h2 class=\"elementor-heading-title elementor-size-default\">Opieka dzieci<\/h2>\t\t<\/div>\n\t\t\t\t<\/div>\n\t\t\t\t<div class=\"elementor-element elementor-element-7b031d7b elementor-widget elementor-widget-text-editor\" data-id=\"7b031d7b\" data-element_type=\"widget\" data-widget_type=\"text-editor.default\">\n\t\t\t\t<div class=\"elementor-widget-container\">\n\t\t\t\t\t<div class=\"elementor-text-editor elementor-clearfix\"><h2>Obejmujemy opiek\u0105 dzieci &#8211; zapewniamy szczepienia ochronne<\/h2><\/div>\n\t\t\t\t<\/div>\n\t\t\t\t<\/div>\n\t\t\t\t\t\t<\/div>\n\t\t\t<\/div>\n\t\t<\/div>\n\t\t\t\t<div class=\"elementor-element elementor-element-26f994ba elementor-column elementor-col-33 elementor-inner-column\" data-id=\"26f994ba\" data-element_type=\"column\">\n\t\t\t<div class=\"elementor-column-wrap  elementor-element-populated\">\n\t\t\t\t\t<div class=\"elementor-widget-wrap\">\n\t\t\t\t<div class=\"elementor-element elementor-element-2a168026 elementor-widget elementor-widget-image\" data-id=\"2a168026\" data-element_type=\"widget\" data-widget_type=\"image.default\">\n\t\t\t\t<div class=\"elementor-widget-container\">\n\t\t\t\t\t<div class=\"elementor-image\">\n\t\t\t\t\t\t\t\t\t\t<img loading=\"lazy\" decoding=\"async\" width=\"525\" height=\"295\" src=\"https:\/\/rodzinna.edda-mk.pl\/wp-content\/uploads\/2018\/08\/woman.jpg\" class=\"attachment-medium_large size-medium_large\" alt=\"\" srcset=\"https:\/\/rodzinna.edda-mk.pl\/wp-content\/uploads\/2018\/08\/woman.jpg 640w, https:\/\/rodzinna.edda-mk.pl\/wp-content\/uploads\/2018\/08\/woman-300x169.jpg 300w\" sizes=\"auto, 100vw\" \/>\t\t\t\t\t\t\t\t\t\t\t<\/div>\n\t\t\t\t<\/div>\n\t\t\t\t<\/div>\n\t\t\t\t\t\t<\/div>\n\t\t\t<\/div>\n\t\t<\/div>\n\t\t\t\t<div class=\"elementor-element elementor-element-57de6b23 elementor-column elementor-col-33 elementor-inner-column\" data-id=\"57de6b23\" data-element_type=\"column\">\n\t\t\t<div class=\"elementor-column-wrap  elementor-element-populated\">\n\t\t\t\t\t<div class=\"elementor-widget-wrap\">\n\t\t\t\t<div class=\"elementor-element elementor-element-2e5ac8e8 elementor-widget elementor-widget-heading\" data-id=\"2e5ac8e8\" data-element_type=\"widget\" data-widget_type=\"heading.default\">\n\t\t\t\t<div class=\"elementor-widget-container\">\n\t\t\t<h2 class=\"elementor-heading-title elementor-size-default\">Opieka rodziny<\/h2>\t\t<\/div>\n\t\t\t\t<\/div>\n\t\t\t\t<div class=\"elementor-element elementor-element-b52a8f elementor-widget elementor-widget-text-editor\" data-id=\"b52a8f\" data-element_type=\"widget\" data-widget_type=\"text-editor.default\">\n\t\t\t\t<div class=\"elementor-widget-container\">\n\t\t\t\t\t<div class=\"elementor-text-editor elementor-clearfix\"><h2>Zapewniamy bezp\u0142atne wizyty domowe dla os\u00f3b starszych lekarza i piel\u0119gniarki<\/h2><\/div>\n\t\t\t\t<\/div>\n\t\t\t\t<\/div>\n\t\t\t\t\t\t<\/div>\n\t\t\t<\/div>\n\t\t<\/div>\n\t\t\t\t\t\t<\/div>\n\t\t\t<\/div>\n\t\t<\/section>\n\t\t\t\t\t\t<\/div>\n\t\t\t<\/div>\n\t\t<\/div>\n\t\t\t\t\t\t<\/div>\n\t\t\t<\/div>\n\t\t<\/section>\n\t\t\t\t\t\t<\/div>\n\t\t\t<\/div>\n\t\t<\/div>\n\t\t","protected":false},"excerpt":{"rendered":"<p>\u00a0 \u00a0!!! UWAGA !!! \u00a0 Wizyty domowe nale\u017cy zg\u0142asza\u0107 mi\u0119dzy godz. 8.00 A 10.00 \u00a0 REJESTRACJA ONLINE DO LEKARZ PORADNI RODZINNEJ POZ: wznowienie us\u0142ugi https:\/\/lekarzebezkolejki.pl\/ron-www\/PoradniaRodzinna !!! UWAGA !!! Je\u015bli chcesz pozna\u0107: &#8211; harmonogram szczepie\u0144 przeciw COVOD-19&#8211; metody rejestracji na szczepienie&#8211; wykaz punkt\u00f3w szczepie\u0144 w Twojej okolicy kliknij TUTAJ !!! UWAGA !!! Numery telefon\u00f3w do konsultacji &hellip; <\/p>\n<p class=\"link-more\"><a href=\"https:\/\/rodzinna.edda-mk.pl\/\" class=\"more-link\">Czytaj dalej<span class=\"screen-reader-text\"> Aktualno\u015bci<\/span><\/a><\/p>\n","protected":false},"author":1,"featured_media":0,"parent":0,"menu_order":0,"comment_status":"closed","ping_status":"closed","template":"","meta":{"footnotes":""},"class_list":["post-49","page","type-page","status-publish","hentry"],"_links":{"self":[{"href":"https:\/\/rodzinna.edda-mk.pl\/index.php?rest_route=\/wp\/v2\/pages\/49","targetHints":{"allow":["GET"]}}],"collection":[{"href":"https:\/\/rodzinna.edda-mk.pl\/index.php?rest_route=\/wp\/v2\/pages"}],"about":[{"href":"https:\/\/rodzinna.edda-mk.pl\/index.php?rest_route=\/wp\/v2\/types\/page"}],"author":[{"embeddable":true,"href":"https:\/\/rodzinna.edda-mk.pl\/index.php?rest_route=\/wp\/v2\/users\/1"}],"replies":[{"embeddable":true,"href":"https:\/\/rodzinna.edda-mk.pl\/index.php?rest_route=%2Fwp%2Fv2%2Fcomments&post=49"}],"version-history":[{"count":80,"href":"https:\/\/rodzinna.edda-mk.pl\/index.php?rest_route=\/wp\/v2\/pages\/49\/revisions"}],"predecessor-version":[{"id":651,"href":"https:\/\/rodzinna.edda-mk.pl\/index.php?rest_route=\/wp\/v2\/pages\/49\/revisions\/651"}],"wp:attachment":[{"href":"https:\/\/rodzinna.edda-mk.pl\/index.php?rest_route=%2Fwp%2Fv2%2Fmedia&parent=49"}],"curies":[{"name":"wp","href":"https:\/\/api.w.org\/{rel}","templated":true}]}}