{"id":242,"date":"2018-08-14T13:59:12","date_gmt":"2018-08-14T11:59:12","guid":{"rendered":"https:\/\/rodzinna.edda-mk.pl\/?page_id=242"},"modified":"2024-12-13T11:22:29","modified_gmt":"2024-12-13T09:22:29","slug":"szczepionka-przeciw-grypie","status":"publish","type":"page","link":"https:\/\/rodzinna.edda-mk.pl\/?page_id=242","title":{"rendered":"Szczepionka przeciw grypie &#8211; Zapraszamy od wrze\u015bnia 2022r."},"content":{"rendered":"\t\t<div data-elementor-type=\"wp-post\" data-elementor-id=\"242\" class=\"elementor elementor-242\" data-elementor-settings=\"[]\">\n\t\t\t<div class=\"elementor-inner\">\n\t\t\t\t<div class=\"elementor-section-wrap\">\n\t\t\t\t\t\t\t<section class=\"elementor-element elementor-element-597852a elementor-section-stretched elementor-section-boxed elementor-section-height-default elementor-section-height-default elementor-section elementor-top-section\" data-id=\"597852a\" data-element_type=\"section\" data-settings=\"{&quot;stretch_section&quot;:&quot;section-stretched&quot;}\">\n\t\t\t\t\t\t<div class=\"elementor-container elementor-column-gap-default\">\n\t\t\t\t<div class=\"elementor-row\">\n\t\t\t\t<div class=\"elementor-element elementor-element-a2f7f0b elementor-column elementor-col-100 elementor-top-column\" data-id=\"a2f7f0b\" data-element_type=\"column\">\n\t\t\t<div class=\"elementor-column-wrap  elementor-element-populated\">\n\t\t\t\t\t<div class=\"elementor-widget-wrap\">\n\t\t\t\t<div class=\"elementor-element elementor-element-8e50d1d elementor-view-stacked elementor-shape-circle elementor-position-top elementor-vertical-align-top elementor-widget elementor-widget-icon-box\" data-id=\"8e50d1d\" data-element_type=\"widget\" data-widget_type=\"icon-box.default\">\n\t\t\t\t<div class=\"elementor-widget-container\">\n\t\t\t\t\t<div class=\"elementor-icon-box-wrapper\">\n\t\t\t\t\t\t<div class=\"elementor-icon-box-icon\">\n\t\t\t\t<a class=\"elementor-icon elementor-animation-\" href=\"http:\/\/szczepienia.pzh.gov.pl\/szczepionki\/grypa\/\" target=\"_blank\" rel=\"nofollow\">\n\t\t\t\t<i class=\"fa fa-eyedropper\" aria-hidden=\"true\"><\/i>\t\t\t\t<\/a>\n\t\t\t<\/div>\n\t\t\t\t\t\t<div class=\"elementor-icon-box-content\">\n\t\t\t\t<h3 class=\"elementor-icon-box-title\">\n\t\t\t\t\t<a href=\"http:\/\/szczepienia.pzh.gov.pl\/szczepionki\/grypa\/\" target=\"_blank\" rel=\"nofollow\">Zaszczep si\u0119 przeciw grypie<\/a>\n\t\t\t\t<\/h3>\n\t\t\t\t\t\t\t\t<p class=\"elementor-icon-box-description\">Kto powinien zosta\u0107 zaszczepiony przeciw grypie?\nInaktywowana szczepionka tr\u00f3jsk\u0142adnikowa przeciw grypie mo\u017ce by\u0107 podawana ka\u017cdemu ju\u017c od 6 m.\u017c., o ile nie ma przeciwwskaza\u0144 medycznych. Szczepieniu powinny si\u0119 podda\u0107 zw\u0142aszcza osoby bez wzgl\u0119du na wiek z grup wysokiego ryzyka wyst\u0105pienia powik\u0142a\u0144 pogrypowych i osoby, kt\u00f3re mog\u0105 stanowi\u0107 \u017ar\u00f3d\u0142o zaka\u017cenia dla os\u00f3b z grupy wysokiego ryzyka oraz ci, kt\u00f3rzy ze wzgl\u0119du na charakter wykonywanej pracy s\u0105 szczeg\u00f3lnie nara\u017ceni na zaka\u017cenie wirusem grypy. (\u017ar\u00f3d\u0142o: http:\/\/szczepienia.pzh.gov.pl\/szczepionki\/grypa\/)<br><br><b><u>ZAPRASZAMY NA ODP\u0141ATNE SZCZEPIENIA DO PORADNI RODZINNEJ<\/u><\/b><\/p>\n\t\t\t\t\t\t\t<\/div>\n\t\t<\/div>\n\t\t\t\t<\/div>\n\t\t\t\t<\/div>\n\t\t\t\t<div class=\"elementor-element elementor-element-48bffda elementor-widget elementor-widget-spacer\" data-id=\"48bffda\" data-element_type=\"widget\" data-widget_type=\"spacer.default\">\n\t\t\t\t<div class=\"elementor-widget-container\">\n\t\t\t\t\t<div class=\"elementor-spacer\">\n\t\t\t<div class=\"elementor-spacer-inner\"><\/div>\n\t\t<\/div>\n\t\t\t\t<\/div>\n\t\t\t\t<\/div>\n\t\t\t\t\t\t<\/div>\n\t\t\t<\/div>\n\t\t<\/div>\n\t\t\t\t\t\t<\/div>\n\t\t\t<\/div>\n\t\t<\/section>\n\t\t\t\t<section class=\"elementor-element elementor-element-14f0b4bf elementor-section-stretched elementor-section-boxed elementor-section-height-default elementor-section-height-default elementor-section elementor-top-section\" data-id=\"14f0b4bf\" data-element_type=\"section\" data-settings=\"{&quot;stretch_section&quot;:&quot;section-stretched&quot;}\">\n\t\t\t\t\t\t<div class=\"elementor-container elementor-column-gap-no\">\n\t\t\t\t<div class=\"elementor-row\">\n\t\t\t\t<div class=\"elementor-element elementor-element-7b98c89f elementor-column elementor-col-100 elementor-top-column\" data-id=\"7b98c89f\" data-element_type=\"column\">\n\t\t\t<div class=\"elementor-column-wrap  elementor-element-populated\">\n\t\t\t\t\t<div class=\"elementor-widget-wrap\">\n\t\t\t\t<div class=\"elementor-element elementor-element-72ae37b8 elementor-widget elementor-widget-heading\" data-id=\"72ae37b8\" data-element_type=\"widget\" data-widget_type=\"heading.default\">\n\t\t\t\t<div class=\"elementor-widget-container\">\n\t\t\t<h4 class=\"elementor-heading-title elementor-size-default\"><h3 style=\"font-family: Montserrat, sans-serif; line-height: 3.3rem; margin-top: 10px; margin-bottom: 10px; font-size: 2.2rem; text-align: start; white-space: normal;\">Kto powinien zosta\u0107 zaszczepiony przeciw grypie?<\/h3><\/h4>\t\t<\/div>\n\t\t\t\t<\/div>\n\t\t\t\t<div class=\"elementor-element elementor-element-79ed3480 elementor-widget elementor-widget-toggle\" data-id=\"79ed3480\" data-element_type=\"widget\" data-widget_type=\"toggle.default\">\n\t\t\t\t<div class=\"elementor-widget-container\">\n\t\t\t\t\t<div class=\"elementor-toggle\" role=\"tablist\">\n\t\t\t\t\t\t\t<div class=\"elementor-toggle-item\">\n\t\t\t\t\t<div id=\"elementor-tab-title-2041\" class=\"elementor-tab-title\" data-tab=\"1\" role=\"tab\" aria-controls=\"elementor-tab-content-2041\">\n\t\t\t\t\t\t\t\t\t\t\t\t<span class=\"elementor-toggle-icon elementor-toggle-icon-right\" aria-hidden=\"true\">\n\t\t\t\t\t\t\t\t\t\t\t\t\t\t\t<i class=\"elementor-toggle-icon-closed fa fa-caret-right\"><\/i>\n\t\t\t\t\t\t\t\t<i class=\"elementor-toggle-icon-opened fa fa-caret-up\"><\/i>\n\t\t\t\t\t\t\t\t\t\t\t\t\t<\/span>\n\t\t\t\t\t\t\t\t\t\t\t\t<a href=\"\">Szczepienie szczepionk\u0105 przeciw grypie zaleca si\u0119: <\/a>\n\t\t\t\t\t<\/div>\n\t\t\t\t\t<div id=\"elementor-tab-content-2041\" class=\"elementor-tab-content elementor-clearfix\" data-tab=\"1\" role=\"tabpanel\" aria-labelledby=\"elementor-tab-title-2041\"><ul><li><span style=\"text-align: center; white-space: pre-wrap;\">wszystkie ch\u0119tne osoby, kt\u00f3re nie maj\u0105 przeciwwskaza\u0144 medycznych, <\/span><\/li><li><span style=\"text-align: center; white-space: pre-wrap;\">zdrowym dzieciom w wieku od 6 miesi\u0119cy szczepionk\u0105 tr\u00f3jsk\u0142adnikow\u0105, <\/span><\/li><li><span style=\"text-align: center; white-space: pre-wrap;\">zdrowym dzieciom w wieku powy\u017cej 3 r.\u017c. szczepionk\u0105 czterosk\u0142adnikow\u0105, <\/span><\/li><li><span style=\"text-align: center; white-space: pre-wrap;\">osobom po przeszczepach, osobom z przewlek\u0142ymi chorobami uk\u0142adu kr\u0105\u017cenia i uk\u0142adu oddechowego (w tym astm\u0105), <\/span><\/li><li><span style=\"text-align: center; white-space: pre-wrap;\">dzieciom i doros\u0142ym, kt\u00f3rzy rok przed szczepieniem wymagali regularnych kontroli lekarskich lub hospitalizacji z powodu przewlek\u0142ych chor\u00f3b metabolicznych (w tym cukrzycy), dysfunkcji nerek, hemoglobinopatii, immunosupresji (w tym spowodowanej lekami immunosupresyjnymi i zaka\u017ceniem HIV), <\/span><\/li><li><span style=\"text-align: center; white-space: pre-wrap;\">osobom z chorobami mog\u0105cymi powodowa\u0107 upo\u015bledzenie funkcji uk\u0142adu oddechowego lub usuwania wydzieliny z dr\u00f3g oddechowych, kt\u00f3re mog\u0105 zwi\u0119kszy\u0107 ryzyko zach\u0142y\u015bni\u0119cia (np. zaburzenia funkcji poznawczych, urazy rdzenia kr\u0119gowego, choroby przebiegaj\u0105ce z drgawkami lub inne choroby nerwowo-mi\u0119\u015bniowe), <\/span><\/li><li><span style=\"text-align: center; white-space: pre-wrap;\">osobom w wieku od 6 miesi\u0119cy do 18 lat, kt\u00f3re podlegaj\u0105 d\u0142ugoterminowej terapii aspirynowej i z tego powodu mog\u0105 by\u0107 nara\u017cone na wyst\u0105pienie zespo\u0142u Rey`a w przypadku zaka\u017cenia wirusem grypy, <\/span><\/li><li><span style=\"text-align: center; white-space: pre-wrap;\">kobietom w ci\u0105\u017cy lub tym, kt\u00f3re planuj\u0105 ci\u0105\u017c\u0119 w sezonie 2017\/2018, pensjonariuszom dom\u00f3w opieki i innych plac\u00f3wek dla os\u00f3b przewlekle chorych, <\/span><\/li><li><span style=\"text-align: center; white-space: pre-wrap;\">osobom powy\u017cej 50 roku \u017cycia, poniewa\u017c w tej grupie znacznie zwi\u0119ksza si\u0119 liczba os\u00f3b nale\u017c\u0105cych do grup wysokiego ryzyka (szczeg\u00f3lnie po 65 r.\u017c.), <\/span><\/li><li><span style=\"text-align: center; white-space: pre-wrap;\">pracownikom szpitali, przychodni i innych zak\u0142ad\u00f3w opieki zdrowotnej, <\/span><\/li><li><span style=\"text-align: center; white-space: pre-wrap;\">osobom, kt\u00f3re opiekuj\u0105 si\u0119 lud\u017ami z grup wysokiego ryzyka przebywaj\u0105cymi w domu, <\/span><\/li><li><span style=\"text-align: center; white-space: pre-wrap;\">cz\u0142onkom rodzin i domownikom (w tym dzieciom) os\u00f3b z grup wysokiego ryzyka, osobom, maj\u0105cym kontakt z dzie\u0107mi w wieku 0-59 miesi\u0119cy, <\/span><\/li><li><span style=\"text-align: center; white-space: pre-wrap;\">pracownikom s\u0142u\u017cb publicznych, np. szk\u00f3\u0142, handlu, transportu, budownictwa, policji, <\/span><\/li><li><span style=\"text-align: center; white-space: pre-wrap;\">osobom nara\u017conym na kontakty z du\u017c\u0105 liczb\u0105 ludzi, <\/span><\/li><li><span style=\"text-align: center; white-space: pre-wrap;\">pracuj\u0105cym na otwartej przestrzeni.<\/span><\/li><\/ul><\/div>\n\t\t\t\t<\/div>\n\t\t\t\t\t<\/div>\n\t\t\t\t<\/div>\n\t\t\t\t<\/div>\n\t\t\t\t\t\t<\/div>\n\t\t\t<\/div>\n\t\t<\/div>\n\t\t\t\t\t\t<\/div>\n\t\t\t<\/div>\n\t\t<\/section>\n\t\t\t\t\t\t<\/div>\n\t\t\t<\/div>\n\t\t<\/div>\n\t\t","protected":false},"excerpt":{"rendered":"<p>Zaszczep si\u0119 przeciw grypie Kto powinien zosta\u0107 zaszczepiony przeciw grypie? Inaktywowana szczepionka tr\u00f3jsk\u0142adnikowa przeciw grypie mo\u017ce by\u0107 podawana ka\u017cdemu ju\u017c od 6 m.\u017c., o ile nie ma przeciwwskaza\u0144 medycznych. Szczepieniu powinny si\u0119 podda\u0107 zw\u0142aszcza osoby bez wzgl\u0119du na wiek z grup wysokiego ryzyka wyst\u0105pienia powik\u0142a\u0144 pogrypowych i osoby, kt\u00f3re mog\u0105 stanowi\u0107 \u017ar\u00f3d\u0142o zaka\u017cenia dla os\u00f3b &hellip; <\/p>\n<p class=\"link-more\"><a href=\"https:\/\/rodzinna.edda-mk.pl\/?page_id=242\" class=\"more-link\">Czytaj dalej<span class=\"screen-reader-text\"> Szczepionka przeciw grypie &#8211; Zapraszamy od wrze\u015bnia 2022r.<\/span><\/a><\/p>\n","protected":false},"author":1,"featured_media":0,"parent":0,"menu_order":0,"comment_status":"closed","ping_status":"closed","template":"","meta":{"footnotes":""},"class_list":["post-242","page","type-page","status-publish","hentry"],"_links":{"self":[{"href":"https:\/\/rodzinna.edda-mk.pl\/index.php?rest_route=\/wp\/v2\/pages\/242","targetHints":{"allow":["GET"]}}],"collection":[{"href":"https:\/\/rodzinna.edda-mk.pl\/index.php?rest_route=\/wp\/v2\/pages"}],"about":[{"href":"https:\/\/rodzinna.edda-mk.pl\/index.php?rest_route=\/wp\/v2\/types\/page"}],"author":[{"embeddable":true,"href":"https:\/\/rodzinna.edda-mk.pl\/index.php?rest_route=\/wp\/v2\/users\/1"}],"replies":[{"embeddable":true,"href":"https:\/\/rodzinna.edda-mk.pl\/index.php?rest_route=%2Fwp%2Fv2%2Fcomments&post=242"}],"version-history":[{"count":22,"href":"https:\/\/rodzinna.edda-mk.pl\/index.php?rest_route=\/wp\/v2\/pages\/242\/revisions"}],"predecessor-version":[{"id":652,"href":"https:\/\/rodzinna.edda-mk.pl\/index.php?rest_route=\/wp\/v2\/pages\/242\/revisions\/652"}],"wp:attachment":[{"href":"https:\/\/rodzinna.edda-mk.pl\/index.php?rest_route=%2Fwp%2Fv2%2Fmedia&parent=242"}],"curies":[{"name":"wp","href":"https:\/\/api.w.org\/{rel}","templated":true}]}}